{"id":6057,"date":"2024-09-10T11:34:18","date_gmt":"2024-09-10T09:34:18","guid":{"rendered":"https:\/\/www.ibindo.eu\/?page_id=6057"},"modified":"2024-09-10T12:42:47","modified_gmt":"2024-09-10T10:42:47","slug":"produkte","status":"publish","type":"page","link":"https:\/\/www.ibindo.at\/en\/products\/","title":{"rendered":"Products"},"content":{"rendered":"<div data-elementor-type=\"wp-page\" data-elementor-id=\"6057\" class=\"elementor elementor-6057\" data-elementor-post-type=\"page\">\n\t\t\t\t<div class=\"elementor-element elementor-element-1b9225e e-con-full e-flex e-con e-parent\" data-id=\"1b9225e\" data-element_type=\"container\">\n\t\t\t\t<div class=\"elementor-element elementor-element-4498763 elementor-widget elementor-widget-synckpagesherodark\" data-id=\"4498763\" data-element_type=\"widget\" data-widget_type=\"synckpagesherodark.default\">\n\t\t\t\t<div class=\"elementor-widget-container\">\n\t\t\t\n<!-- Pricing Hero -->\n<section class=\"hero-service-wrap hero-section-wrap hero-career-wrap\">\n<div class=\"hero-section-content-wrap\">\n<img decoding=\"async\" src=\"https:\/\/www.ibindo.at\/wp-content\/uploads\/2023\/11\/bg-shape-1-1.svg\"  class=\"animation-slide-left bg-shape\" \/>\n<div class=\"custom-container\">\n    <div class=\"hero-portfolio-body\">\n        <div class=\"hero-section-content text-center\">\n            <h6 class=\"section-subtitle\">Products<\/h6><h2 class=\"section-title fade-in\">Our products\u00a0<\/h2>            <p>Get an overview of our products and services<\/p>\n\n                        <a             href=\"https:\/\/www.ibindo.at\/en\/book-appointment\/\" class=\"theme-btn\">Book a personal consultation<\/a>\n            \n        <\/div>\n    <\/div>\n<\/div>\n<\/div>\n<\/section>\n\n    \t\t<\/div>\n\t\t\t\t<\/div>\n\t\t\t\t<\/div>\n\t\t<div class=\"elementor-element elementor-element-042d087 e-con-full e-flex e-con e-parent\" data-id=\"042d087\" data-element_type=\"container\" data-settings=\"{&quot;background_background&quot;:&quot;classic&quot;}\">\n\t\t<div class=\"elementor-element elementor-element-f4264b0 e-flex e-con-boxed e-con e-child\" data-id=\"f4264b0\" data-element_type=\"container\">\n\t\t\t\t\t<div class=\"e-con-inner\">\n\t\t<div class=\"elementor-element elementor-element-13d3592 e-flex e-con-boxed e-con e-child\" data-id=\"13d3592\" data-element_type=\"container\" data-settings=\"{&quot;background_background&quot;:&quot;classic&quot;}\">\n\t\t\t\t\t<div class=\"e-con-inner\">\n\t\t\t\t<div class=\"elementor-element elementor-element-17aa17e elementor-widget elementor-widget-image\" data-id=\"17aa17e\" data-element_type=\"widget\" data-widget_type=\"image.default\">\n\t\t\t\t<div class=\"elementor-widget-container\">\n\t\t\t\t\t\t\t\t\t\t\t\t\t<img fetchpriority=\"high\" decoding=\"async\" width=\"900\" height=\"600\" src=\"https:\/\/www.ibindo.at\/wp-content\/uploads\/2024\/09\/Digitales_Gaesteblatt_Mobil.jpg\" class=\"attachment-full size-full wp-image-6061\" alt=\"\" srcset=\"https:\/\/www.ibindo.at\/wp-content\/uploads\/2024\/09\/Digitales_Gaesteblatt_Mobil.jpg 900w, https:\/\/www.ibindo.at\/wp-content\/uploads\/2024\/09\/Digitales_Gaesteblatt_Mobil-300x200.jpg 300w, https:\/\/www.ibindo.at\/wp-content\/uploads\/2024\/09\/Digitales_Gaesteblatt_Mobil-768x512.jpg 768w, https:\/\/www.ibindo.at\/wp-content\/uploads\/2024\/09\/Digitales_Gaesteblatt_Mobil-18x12.jpg 18w, https:\/\/www.ibindo.at\/wp-content\/uploads\/2024\/09\/Digitales_Gaesteblatt_Mobil-350x233.jpg 350w, https:\/\/www.ibindo.at\/wp-content\/uploads\/2024\/09\/Digitales_Gaesteblatt_Mobil-600x400.jpg 600w\" sizes=\"(max-width: 900px) 100vw, 900px\" \/>\t\t\t\t\t\t\t\t\t\t\t\t\t<\/div>\n\t\t\t\t<\/div>\n\t\t\t\t\t<\/div>\n\t\t\t\t<\/div>\n\t\t<div class=\"elementor-element elementor-element-ab3caf5 e-con-full e-flex e-con e-child\" data-id=\"ab3caf5\" data-element_type=\"container\">\n\t\t\t\t<div class=\"elementor-element elementor-element-1f1e914 elementor-widget elementor-widget-heading\" data-id=\"1f1e914\" data-element_type=\"widget\" data-widget_type=\"heading.default\">\n\t\t\t\t<div class=\"elementor-widget-container\">\n\t\t\t<h1 class=\"elementor-heading-title elementor-size-default\">The digital guest sheet<\/h1>\t\t<\/div>\n\t\t\t\t<\/div>\n\t\t\t\t<div class=\"elementor-element elementor-element-567361c elementor-widget elementor-widget-text-editor\" data-id=\"567361c\" data-element_type=\"widget\" data-widget_type=\"text-editor.default\">\n\t\t\t\t<div class=\"elementor-widget-container\">\n\t\t\t\t\t\t\t<p>Digitize your guest directory with ibindo<br \/>From now on, guest lists, overnight stay statistics and local taxes are no longer a headache.<br \/>Fast, easy and contactless.<\/p>\t\t\t\t\t\t<\/div>\n\t\t\t\t<\/div>\n\t\t\t\t<div class=\"elementor-element elementor-element-b91dff8 elementor-align-left elementor-widget elementor-widget-button\" data-id=\"b91dff8\" data-element_type=\"widget\" data-widget_type=\"button.default\">\n\t\t\t\t<div class=\"elementor-widget-container\">\n\t\t\t\t\t<div class=\"elementor-button-wrapper\">\n\t\t\t<a class=\"elementor-button elementor-button-link elementor-size-sm\" href=\"https:\/\/www.ibindo.at\/en\/the-digital-guest-sheet\/\">\n\t\t\t\t\t\t<span class=\"elementor-button-content-wrapper\">\n\t\t\t\t\t\t\t\t\t<span class=\"elementor-button-text\">Learn more<\/span>\n\t\t\t\t\t<\/span>\n\t\t\t\t\t<\/a>\n\t\t<\/div>\n\t\t\t\t<\/div>\n\t\t\t\t<\/div>\n\t\t\t\t<\/div>\n\t\t\t\t\t<\/div>\n\t\t\t\t<\/div>\n\t\t\t\t<\/div>\n\t\t<div class=\"elementor-element elementor-element-undefined-510b126 e-flex e-con-boxed e-con e-parent\" data-id=\"undefined-510b126\" data-element_type=\"container\" data-settings=\"{&quot;background_background&quot;:&quot;classic&quot;}\">\n\t\t\t\t\t<div class=\"e-con-inner\">\n\t\t<div class=\"elementor-element elementor-element-undefined-ba01657 e-flex e-con-boxed e-con e-child\" data-id=\"undefined-ba01657\" data-element_type=\"container\">\n\t\t\t\t\t<div class=\"e-con-inner\">\n\t\t\t\t<div class=\"elementor-element elementor-element-undefined-9640b4f elementor-widget elementor-widget-heading\" data-id=\"undefined-9640b4f\" data-element_type=\"widget\" data-widget_type=\"heading.default\">\n\t\t\t\t<div class=\"elementor-widget-container\">\n\t\t\t<p class=\"elementor-heading-title elementor-size-default\">Our offers<\/p>\t\t<\/div>\n\t\t\t\t<\/div>\n\t\t\t\t<div class=\"elementor-element elementor-element-undefined-d9e10de elementor-widget elementor-widget-heading\" data-id=\"undefined-d9e10de\" data-element_type=\"widget\" data-widget_type=\"heading.default\">\n\t\t\t\t<div class=\"elementor-widget-container\">\n\t\t\t<h2 class=\"elementor-heading-title elementor-size-default\">Details about our services<\/h2>\t\t<\/div>\n\t\t\t\t<\/div>\n\t\t\t\t<div class=\"elementor-element elementor-element-undefined-12b4feb elementor-widget-tablet__width-inherit elementor-widget elementor-widget-text-editor\" data-id=\"undefined-12b4feb\" data-element_type=\"widget\" data-widget_type=\"text-editor.default\">\n\t\t\t\t<div class=\"elementor-widget-container\">\n\t\t\t\t\t\t\t<p>Discover our comprehensive services and offerings specifically designed to meet your needs.<\/p>\t\t\t\t\t\t<\/div>\n\t\t\t\t<\/div>\n\t\t<div class=\"elementor-element elementor-element-undefined-a9849cc e-con-full e-flex e-con e-child\" data-id=\"undefined-a9849cc\" data-element_type=\"container\">\n\t\t<div class=\"elementor-element elementor-element-undefined-14a0b55 e-con-full e-flex elementor-invisible e-con e-child\" data-id=\"undefined-14a0b55\" data-element_type=\"container\" data-settings=\"{&quot;background_background&quot;:&quot;classic&quot;,&quot;animation&quot;:&quot;fadeInUp&quot;}\">\n\t\t\t\t<div class=\"elementor-element elementor-element-undefined-8837626 elementor-cta--valign-middle elementor-cta--skin-classic elementor-animated-content elementor-bg-transform elementor-bg-transform-zoom-in elementor-widget elementor-widget-call-to-action\" data-id=\"undefined-8837626\" data-element_type=\"widget\" data-widget_type=\"call-to-action.default\">\n\t\t\t\t<div class=\"elementor-widget-container\">\n\t\t\t\t\t<div class=\"elementor-cta\">\n\t\t\t\t\t\t\t<div class=\"elementor-cta__content\">\n\t\t\t\t\n\t\t\t\t\t\t\t\t\t<h3 class=\"elementor-cta__title elementor-cta__content-item elementor-content-item\">\n\t\t\t\t\t\tDevelopment\t\t\t\t\t<\/h3>\n\t\t\t\t\n\t\t\t\t\t\t\t\t\t<div class=\"elementor-cta__description elementor-cta__content-item elementor-content-item\">\n\t\t\t\t\t\tWe offer development in all common programming languages. Tell us about your project and we will be happy to advise you on how it could be implemented.\t\t\t\t\t<\/div>\n\t\t\t\t\n\t\t\t\t\t\t\t<\/div>\n\t\t\t\t\t\t<\/div>\n\t\t\t\t<\/div>\n\t\t\t\t<\/div>\n\t\t\t\t<div class=\"elementor-element elementor-element-c8cb72a elementor-align-center elementor-widget elementor-widget-button\" data-id=\"c8cb72a\" data-element_type=\"widget\" data-widget_type=\"button.default\">\n\t\t\t\t<div class=\"elementor-widget-container\">\n\t\t\t\t\t<div class=\"elementor-button-wrapper\">\n\t\t\t<a class=\"elementor-button elementor-button-link elementor-size-sm\" href=\"https:\/\/www.ibindo.at\/en\/book-appointment\/\">\n\t\t\t\t\t\t<span class=\"elementor-button-content-wrapper\">\n\t\t\t\t\t\t\t\t\t<span class=\"elementor-button-text\">Book an appointment<\/span>\n\t\t\t\t\t<\/span>\n\t\t\t\t\t<\/a>\n\t\t<\/div>\n\t\t\t\t<\/div>\n\t\t\t\t<\/div>\n\t\t\t\t<\/div>\n\t\t<div class=\"elementor-element elementor-element-undefined-5ab6dd4 e-con-full e-flex elementor-invisible e-con e-child\" data-id=\"undefined-5ab6dd4\" data-element_type=\"container\" data-settings=\"{&quot;background_background&quot;:&quot;classic&quot;,&quot;animation&quot;:&quot;fadeInUp&quot;}\">\n\t\t\t\t<div class=\"elementor-element elementor-element-undefined-e36ec59 elementor-cta--valign-middle elementor-cta--skin-classic elementor-animated-content elementor-bg-transform elementor-bg-transform-zoom-in elementor-widget elementor-widget-call-to-action\" data-id=\"undefined-e36ec59\" data-element_type=\"widget\" data-widget_type=\"call-to-action.default\">\n\t\t\t\t<div class=\"elementor-widget-container\">\n\t\t\t\t\t<div class=\"elementor-cta\">\n\t\t\t\t\t\t\t<div class=\"elementor-cta__content\">\n\t\t\t\t\n\t\t\t\t\t\t\t\t\t<h3 class=\"elementor-cta__title elementor-cta__content-item elementor-content-item\">\n\t\t\t\t\t\tWebshop\t\t\t\t\t<\/h3>\n\t\t\t\t\n\t\t\t\t\t\t\t\t\t<div class=\"elementor-cta__description elementor-cta__content-item elementor-content-item\">\n\t\t\t\t\t\tDo you want to sell your products online? We will set up the right webshop for you. Regardless of whether it is physical products, services or tickets.\t\t\t\t\t<\/div>\n\t\t\t\t\n\t\t\t\t\t\t\t<\/div>\n\t\t\t\t\t\t<\/div>\n\t\t\t\t<\/div>\n\t\t\t\t<\/div>\n\t\t\t\t<div class=\"elementor-element elementor-element-deeb554 elementor-align-center elementor-widget elementor-widget-button\" data-id=\"deeb554\" data-element_type=\"widget\" data-widget_type=\"button.default\">\n\t\t\t\t<div class=\"elementor-widget-container\">\n\t\t\t\t\t<div class=\"elementor-button-wrapper\">\n\t\t\t<a class=\"elementor-button elementor-button-link elementor-size-sm\" href=\"https:\/\/www.ibindo.at\/en\/book-appointment\/\">\n\t\t\t\t\t\t<span class=\"elementor-button-content-wrapper\">\n\t\t\t\t\t\t\t\t\t<span class=\"elementor-button-text\">Book an appointment<\/span>\n\t\t\t\t\t<\/span>\n\t\t\t\t\t<\/a>\n\t\t<\/div>\n\t\t\t\t<\/div>\n\t\t\t\t<\/div>\n\t\t\t\t<\/div>\n\t\t<div class=\"elementor-element elementor-element-undefined-0e91603 e-con-full e-flex elementor-invisible e-con e-child\" data-id=\"undefined-0e91603\" data-element_type=\"container\" data-settings=\"{&quot;background_background&quot;:&quot;classic&quot;,&quot;animation&quot;:&quot;fadeInUp&quot;}\">\n\t\t\t\t<div class=\"elementor-element elementor-element-undefined-3f97998 elementor-cta--valign-middle elementor-cta--skin-classic elementor-animated-content elementor-bg-transform elementor-bg-transform-zoom-in elementor-widget elementor-widget-call-to-action\" data-id=\"undefined-3f97998\" data-element_type=\"widget\" data-widget_type=\"call-to-action.default\">\n\t\t\t\t<div class=\"elementor-widget-container\">\n\t\t\t\t\t<div class=\"elementor-cta\">\n\t\t\t\t\t\t\t<div class=\"elementor-cta__content\">\n\t\t\t\t\n\t\t\t\t\t\t\t\t\t<h3 class=\"elementor-cta__title elementor-cta__content-item elementor-content-item\">\n\t\t\t\t\t\tWebsites\t\t\t\t\t<\/h3>\n\t\t\t\t\n\t\t\t\t\t\t\t\t\t<div class=\"elementor-cta__description elementor-cta__content-item elementor-content-item\">\n\t\t\t\t\t\tDo you need a new website or is your old one outdated? We represent you professionally on the Internet. Whether it&#039;s a one-pager or something more sophisticated.\t\t\t\t\t<\/div>\n\t\t\t\t\n\t\t\t\t\t\t\t<\/div>\n\t\t\t\t\t\t<\/div>\n\t\t\t\t<\/div>\n\t\t\t\t<\/div>\n\t\t\t\t<div class=\"elementor-element elementor-element-14f31f3 elementor-align-center elementor-widget elementor-widget-button\" data-id=\"14f31f3\" data-element_type=\"widget\" data-widget_type=\"button.default\">\n\t\t\t\t<div class=\"elementor-widget-container\">\n\t\t\t\t\t<div class=\"elementor-button-wrapper\">\n\t\t\t<a class=\"elementor-button elementor-button-link elementor-size-sm\" href=\"https:\/\/www.ibindo.at\/en\/book-appointment\/\">\n\t\t\t\t\t\t<span class=\"elementor-button-content-wrapper\">\n\t\t\t\t\t\t\t\t\t<span class=\"elementor-button-text\">Book an appointment<\/span>\n\t\t\t\t\t<\/span>\n\t\t\t\t\t<\/a>\n\t\t<\/div>\n\t\t\t\t<\/div>\n\t\t\t\t<\/div>\n\t\t\t\t<\/div>\n\t\t<div class=\"elementor-element elementor-element-undefined-fe20846 e-con-full e-flex elementor-invisible e-con e-child\" data-id=\"undefined-fe20846\" data-element_type=\"container\" data-settings=\"{&quot;background_background&quot;:&quot;classic&quot;,&quot;animation&quot;:&quot;fadeInUp&quot;}\">\n\t\t\t\t<div class=\"elementor-element elementor-element-undefined-5bc392a elementor-cta--valign-middle elementor-cta--skin-classic elementor-animated-content elementor-bg-transform elementor-bg-transform-zoom-in elementor-widget elementor-widget-call-to-action\" data-id=\"undefined-5bc392a\" data-element_type=\"widget\" data-widget_type=\"call-to-action.default\">\n\t\t\t\t<div class=\"elementor-widget-container\">\n\t\t\t\t\t<div class=\"elementor-cta\">\n\t\t\t\t\t\t\t<div class=\"elementor-cta__content\">\n\t\t\t\t\n\t\t\t\t\t\t\t\t\t<h3 class=\"elementor-cta__title elementor-cta__content-item elementor-content-item\">\n\t\t\t\t\t\tHardware\t\t\t\t\t<\/h3>\n\t\t\t\t\n\t\t\t\t\t\t\t\t\t<div class=\"elementor-cta__description elementor-cta__content-item elementor-content-item\">\n\t\t\t\t\t\tYou need new hardware and don&#039;t want to deal with it yourself. We&#039;ll be happy to advise you and take care of the purchasing for you.\t\t\t\t\t<\/div>\n\t\t\t\t\n\t\t\t\t\t\t\t<\/div>\n\t\t\t\t\t\t<\/div>\n\t\t\t\t<\/div>\n\t\t\t\t<\/div>\n\t\t\t\t<div class=\"elementor-element elementor-element-6f8e017 elementor-align-center elementor-widget elementor-widget-button\" data-id=\"6f8e017\" data-element_type=\"widget\" data-widget_type=\"button.default\">\n\t\t\t\t<div class=\"elementor-widget-container\">\n\t\t\t\t\t<div class=\"elementor-button-wrapper\">\n\t\t\t<a class=\"elementor-button elementor-button-link elementor-size-sm\" href=\"https:\/\/www.ibindo.at\/en\/book-appointment\/\">\n\t\t\t\t\t\t<span class=\"elementor-button-content-wrapper\">\n\t\t\t\t\t\t\t\t\t<span class=\"elementor-button-text\">Book an appointment<\/span>\n\t\t\t\t\t<\/span>\n\t\t\t\t\t<\/a>\n\t\t<\/div>\n\t\t\t\t<\/div>\n\t\t\t\t<\/div>\n\t\t\t\t<\/div>\n\t\t\t\t<\/div>\n\t\t<div class=\"elementor-element elementor-element-d460397 e-con-full e-flex elementor-invisible e-con e-child\" data-id=\"d460397\" data-element_type=\"container\" data-settings=\"{&quot;background_background&quot;:&quot;classic&quot;,&quot;animation&quot;:&quot;fadeInUp&quot;}\">\n\t\t\t\t<div class=\"elementor-element elementor-element-b2a3124 elementor-cta--valign-middle elementor-cta--skin-classic elementor-animated-content elementor-bg-transform elementor-bg-transform-zoom-in elementor-widget elementor-widget-call-to-action\" data-id=\"b2a3124\" data-element_type=\"widget\" data-widget_type=\"call-to-action.default\">\n\t\t\t\t<div class=\"elementor-widget-container\">\n\t\t\t\t\t<div class=\"elementor-cta\">\n\t\t\t\t\t\t\t<div class=\"elementor-cta__content\">\n\t\t\t\t\n\t\t\t\t\t\t\t\t\t<h3 class=\"elementor-cta__title elementor-cta__content-item elementor-content-item\">\n\t\t\t\t\t\tOther services\t\t\t\t\t<\/h3>\n\t\t\t\t\n\t\t\t\t\t\t\t\t\t<div class=\"elementor-cta__description elementor-cta__content-item elementor-content-item\">\n\t\t\t\t\t\tWe are familiar with almost all areas of modern IT and if not, we have professional partners with whom we work. Come to us with your problem. We will be happy to help!\t\t\t\t\t<\/div>\n\t\t\t\t\n\t\t\t\t\t\t\t<\/div>\n\t\t\t\t\t\t<\/div>\n\t\t\t\t<\/div>\n\t\t\t\t<\/div>\n\t\t\t\t<div class=\"elementor-element elementor-element-dad2474 elementor-align-center elementor-widget elementor-widget-button\" data-id=\"dad2474\" data-element_type=\"widget\" data-widget_type=\"button.default\">\n\t\t\t\t<div class=\"elementor-widget-container\">\n\t\t\t\t\t<div class=\"elementor-button-wrapper\">\n\t\t\t<a class=\"elementor-button elementor-button-link elementor-size-sm\" href=\"https:\/\/www.ibindo.at\/en\/book-appointment\/\">\n\t\t\t\t\t\t<span class=\"elementor-button-content-wrapper\">\n\t\t\t\t\t\t\t\t\t<span class=\"elementor-button-text\">make contact<\/span>\n\t\t\t\t\t<\/span>\n\t\t\t\t\t<\/a>\n\t\t<\/div>\n\t\t\t\t<\/div>\n\t\t\t\t<\/div>\n\t\t\t\t<\/div>\n\t\t\t\t\t<\/div>\n\t\t\t\t<\/div>\n\t\t\t\t\t<\/div>\n\t\t\t\t<\/div>\n\t\t\t\t<\/div>","protected":false},"excerpt":{"rendered":"<p>Products Our products Get an overview of our products and services Book a personal meeting The digital guest list Digitize your guest list with ibindoFrom now on, guest lists, overnight stay statistics and local taxes are no longer a headache.Fast, easy and contactless. Find out more Our offers Details of our services Discover our comprehensive services and offers that are specifically designed to [\u2026]<\/p>","protected":false},"author":8,"featured_media":0,"parent":0,"menu_order":0,"comment_status":"closed","ping_status":"closed","template":"page-templates\/pricing.php","meta":{"inline_featured_image":false,"footnotes":""},"class_list":["post-6057","page","type-page","status-publish","hentry"],"yoast_head":"<!-- This site is optimized with the Yoast SEO Premium plugin v23.4 (Yoast SEO v27.6) - https:\/\/yoast.com\/product\/yoast-seo-premium-wordpress\/ -->\n<title>Produkte - ibindo<\/title>\n<meta name=\"robots\" content=\"index, follow, max-snippet:-1, max-image-preview:large, max-video-preview:-1\" \/>\n<link rel=\"canonical\" href=\"https:\/\/www.ibindo.at\/en\/products\/\" \/>\n<meta property=\"og:locale\" content=\"en_GB\" \/>\n<meta property=\"og:type\" content=\"article\" \/>\n<meta property=\"og:title\" content=\"Produkte\" \/>\n<meta property=\"og:description\" content=\"Produkte Unsere Produkte\u00a0 Verschaffen Sie sich einen \u00dcberblick \u00fcber unsere Produkte und Dienstleistungen Pers\u00f6nliches Gespr\u00e4ch buchen Das digitale G\u00e4steblatt Digitalisiere dein G\u00e4steverzeichnis mit ibindoAb jetzt sind G\u00e4stebl\u00e4tter, N\u00e4chtigungsstatistik und Ortstaxe keine Kopfweh Punkte mehr.Schnell, einfach und kontaktlos. Mehr erfahren Unsere Angebote Details zu unseren Dienstleistungen Entdecken Sie unsere umfassenden Dienstleistungen und Angebote, die speziell darauf [&hellip;]\" \/>\n<meta property=\"og:url\" content=\"https:\/\/www.ibindo.at\/en\/products\/\" \/>\n<meta property=\"og:site_name\" content=\"ibindo\" \/>\n<meta property=\"article:publisher\" content=\"https:\/\/www.facebook.com\/ibindo.digital\" \/>\n<meta property=\"article:modified_time\" content=\"2024-09-10T10:42:47+00:00\" \/>\n<meta property=\"og:image\" content=\"https:\/\/www.ibindo.at\/wp-content\/uploads\/2023\/11\/bg-shape-1-1.svg\" \/>\n<meta name=\"twitter:card\" content=\"summary_large_image\" \/>\n<meta name=\"twitter:label1\" content=\"Estimated reading time\" \/>\n\t<meta name=\"twitter:data1\" content=\"2 minutes\" \/>\n<script type=\"application\/ld+json\" class=\"yoast-schema-graph\">{\"@context\":\"https:\\\/\\\/schema.org\",\"@graph\":[{\"@type\":\"WebPage\",\"@id\":\"https:\\\/\\\/www.ibindo.at\\\/produkte\\\/\",\"url\":\"https:\\\/\\\/www.ibindo.at\\\/produkte\\\/\",\"name\":\"Produkte - ibindo\",\"isPartOf\":{\"@id\":\"https:\\\/\\\/www.ibindo.at\\\/#website\"},\"primaryImageOfPage\":{\"@id\":\"https:\\\/\\\/www.ibindo.at\\\/produkte\\\/#primaryimage\"},\"image\":{\"@id\":\"https:\\\/\\\/www.ibindo.at\\\/produkte\\\/#primaryimage\"},\"thumbnailUrl\":\"https:\\\/\\\/www.ibindo.at\\\/wp-content\\\/uploads\\\/2023\\\/11\\\/bg-shape-1-1.svg\",\"datePublished\":\"2024-09-10T09:34:18+00:00\",\"dateModified\":\"2024-09-10T10:42:47+00:00\",\"breadcrumb\":{\"@id\":\"https:\\\/\\\/www.ibindo.at\\\/produkte\\\/#breadcrumb\"},\"inLanguage\":\"en-GB\",\"potentialAction\":[{\"@type\":\"ReadAction\",\"target\":[\"https:\\\/\\\/www.ibindo.at\\\/produkte\\\/\"]}]},{\"@type\":\"ImageObject\",\"inLanguage\":\"en-GB\",\"@id\":\"https:\\\/\\\/www.ibindo.at\\\/produkte\\\/#primaryimage\",\"url\":\"https:\\\/\\\/www.ibindo.at\\\/wp-content\\\/uploads\\\/2023\\\/11\\\/bg-shape-1-1.svg\",\"contentUrl\":\"https:\\\/\\\/www.ibindo.at\\\/wp-content\\\/uploads\\\/2023\\\/11\\\/bg-shape-1-1.svg\"},{\"@type\":\"BreadcrumbList\",\"@id\":\"https:\\\/\\\/www.ibindo.at\\\/produkte\\\/#breadcrumb\",\"itemListElement\":[{\"@type\":\"ListItem\",\"position\":1,\"name\":\"Startseite\",\"item\":\"https:\\\/\\\/www.ibindo.at\\\/\"},{\"@type\":\"ListItem\",\"position\":2,\"name\":\"Produkte\"}]},{\"@type\":\"WebSite\",\"@id\":\"https:\\\/\\\/www.ibindo.at\\\/#website\",\"url\":\"https:\\\/\\\/www.ibindo.at\\\/\",\"name\":\"ibindo\",\"description\":\"Das digitale G\u00e4steblatt\",\"publisher\":{\"@id\":\"https:\\\/\\\/www.ibindo.at\\\/#organization\"},\"potentialAction\":[{\"@type\":\"SearchAction\",\"target\":{\"@type\":\"EntryPoint\",\"urlTemplate\":\"https:\\\/\\\/www.ibindo.at\\\/?s={search_term_string}\"},\"query-input\":{\"@type\":\"PropertyValueSpecification\",\"valueRequired\":true,\"valueName\":\"search_term_string\"}}],\"inLanguage\":\"en-GB\"},{\"@type\":\"Organization\",\"@id\":\"https:\\\/\\\/www.ibindo.at\\\/#organization\",\"name\":\"ibindo GmbH\",\"url\":\"https:\\\/\\\/www.ibindo.at\\\/\",\"logo\":{\"@type\":\"ImageObject\",\"inLanguage\":\"en-GB\",\"@id\":\"https:\\\/\\\/www.ibindo.at\\\/#\\\/schema\\\/logo\\\/image\\\/\",\"url\":\"https:\\\/\\\/www.ibindo.at\\\/wp-content\\\/uploads\\\/2021\\\/11\\\/Logo2-cut-cut.png\",\"contentUrl\":\"https:\\\/\\\/www.ibindo.at\\\/wp-content\\\/uploads\\\/2021\\\/11\\\/Logo2-cut-cut.png\",\"width\":800,\"height\":220,\"caption\":\"ibindo GmbH\"},\"image\":{\"@id\":\"https:\\\/\\\/www.ibindo.at\\\/#\\\/schema\\\/logo\\\/image\\\/\"},\"sameAs\":[\"https:\\\/\\\/www.facebook.com\\\/ibindo.digital\",\"https:\\\/\\\/www.instagram.com\\\/ibindo.austria\\\/\"]}]}<\/script>\n<!-- \/ Yoast SEO Premium plugin. -->","yoast_head_json":{"title":"Produkte - ibindo","robots":{"index":"index","follow":"follow","max-snippet":"max-snippet:-1","max-image-preview":"max-image-preview:large","max-video-preview":"max-video-preview:-1"},"canonical":"https:\/\/www.ibindo.at\/en\/products\/","og_locale":"en_GB","og_type":"article","og_title":"Produkte","og_description":"Produkte Unsere Produkte\u00a0 Verschaffen Sie sich einen \u00dcberblick \u00fcber unsere Produkte und Dienstleistungen Pers\u00f6nliches Gespr\u00e4ch buchen Das digitale G\u00e4steblatt Digitalisiere dein G\u00e4steverzeichnis mit ibindoAb jetzt sind G\u00e4stebl\u00e4tter, N\u00e4chtigungsstatistik und Ortstaxe keine Kopfweh Punkte mehr.Schnell, einfach und kontaktlos. Mehr erfahren Unsere Angebote Details zu unseren Dienstleistungen Entdecken Sie unsere umfassenden Dienstleistungen und Angebote, die speziell darauf [&hellip;]","og_url":"https:\/\/www.ibindo.at\/en\/products\/","og_site_name":"ibindo","article_publisher":"https:\/\/www.facebook.com\/ibindo.digital","article_modified_time":"2024-09-10T10:42:47+00:00","og_image":[{"url":"https:\/\/www.ibindo.at\/wp-content\/uploads\/2023\/11\/bg-shape-1-1.svg","type":"","width":"","height":""}],"twitter_card":"summary_large_image","twitter_misc":{"Estimated reading time":"2 minutes"},"schema":{"@context":"https:\/\/schema.org","@graph":[{"@type":"WebPage","@id":"https:\/\/www.ibindo.at\/produkte\/","url":"https:\/\/www.ibindo.at\/produkte\/","name":"Produkte - ibindo","isPartOf":{"@id":"https:\/\/www.ibindo.at\/#website"},"primaryImageOfPage":{"@id":"https:\/\/www.ibindo.at\/produkte\/#primaryimage"},"image":{"@id":"https:\/\/www.ibindo.at\/produkte\/#primaryimage"},"thumbnailUrl":"https:\/\/www.ibindo.at\/wp-content\/uploads\/2023\/11\/bg-shape-1-1.svg","datePublished":"2024-09-10T09:34:18+00:00","dateModified":"2024-09-10T10:42:47+00:00","breadcrumb":{"@id":"https:\/\/www.ibindo.at\/produkte\/#breadcrumb"},"inLanguage":"en-GB","potentialAction":[{"@type":"ReadAction","target":["https:\/\/www.ibindo.at\/produkte\/"]}]},{"@type":"ImageObject","inLanguage":"en-GB","@id":"https:\/\/www.ibindo.at\/produkte\/#primaryimage","url":"https:\/\/www.ibindo.at\/wp-content\/uploads\/2023\/11\/bg-shape-1-1.svg","contentUrl":"https:\/\/www.ibindo.at\/wp-content\/uploads\/2023\/11\/bg-shape-1-1.svg"},{"@type":"BreadcrumbList","@id":"https:\/\/www.ibindo.at\/produkte\/#breadcrumb","itemListElement":[{"@type":"ListItem","position":1,"name":"Startseite","item":"https:\/\/www.ibindo.at\/"},{"@type":"ListItem","position":2,"name":"Produkte"}]},{"@type":"WebSite","@id":"https:\/\/www.ibindo.at\/#website","url":"https:\/\/www.ibindo.at\/","name":"ibindo","description":"Das digitale G\u00e4steblatt","publisher":{"@id":"https:\/\/www.ibindo.at\/#organization"},"potentialAction":[{"@type":"SearchAction","target":{"@type":"EntryPoint","urlTemplate":"https:\/\/www.ibindo.at\/?s={search_term_string}"},"query-input":{"@type":"PropertyValueSpecification","valueRequired":true,"valueName":"search_term_string"}}],"inLanguage":"en-GB"},{"@type":"Organization","@id":"https:\/\/www.ibindo.at\/#organization","name":"ibindo GmbH","url":"https:\/\/www.ibindo.at\/","logo":{"@type":"ImageObject","inLanguage":"en-GB","@id":"https:\/\/www.ibindo.at\/#\/schema\/logo\/image\/","url":"https:\/\/www.ibindo.at\/wp-content\/uploads\/2021\/11\/Logo2-cut-cut.png","contentUrl":"https:\/\/www.ibindo.at\/wp-content\/uploads\/2021\/11\/Logo2-cut-cut.png","width":800,"height":220,"caption":"ibindo GmbH"},"image":{"@id":"https:\/\/www.ibindo.at\/#\/schema\/logo\/image\/"},"sameAs":["https:\/\/www.facebook.com\/ibindo.digital","https:\/\/www.instagram.com\/ibindo.austria\/"]}]}},"_links":{"self":[{"href":"https:\/\/www.ibindo.at\/en\/wp-json\/wp\/v2\/pages\/6057","targetHints":{"allow":["GET"]}}],"collection":[{"href":"https:\/\/www.ibindo.at\/en\/wp-json\/wp\/v2\/pages"}],"about":[{"href":"https:\/\/www.ibindo.at\/en\/wp-json\/wp\/v2\/types\/page"}],"author":[{"embeddable":true,"href":"https:\/\/www.ibindo.at\/en\/wp-json\/wp\/v2\/users\/8"}],"replies":[{"embeddable":true,"href":"https:\/\/www.ibindo.at\/en\/wp-json\/wp\/v2\/comments?post=6057"}],"version-history":[{"count":8,"href":"https:\/\/www.ibindo.at\/en\/wp-json\/wp\/v2\/pages\/6057\/revisions"}],"predecessor-version":[{"id":6091,"href":"https:\/\/www.ibindo.at\/en\/wp-json\/wp\/v2\/pages\/6057\/revisions\/6091"}],"wp:attachment":[{"href":"https:\/\/www.ibindo.at\/en\/wp-json\/wp\/v2\/media?parent=6057"}],"curies":[{"name":"wp","href":"https:\/\/api.w.org\/{rel}","templated":true}]}}