{"id":3182,"date":"2024-01-13T11:50:49","date_gmt":"2024-01-13T11:50:49","guid":{"rendered":"https:\/\/wpriverthemes.com\/synck\/?page_id=3182"},"modified":"2024-09-08T14:06:53","modified_gmt":"2024-09-08T12:06:53","slug":"termin-buchen","status":"publish","type":"page","link":"https:\/\/www.ibindo.at\/en\/book-appointment\/","title":{"rendered":"Book an appointment"},"content":{"rendered":"<div data-elementor-type=\"wp-page\" data-elementor-id=\"3182\" class=\"elementor elementor-3182\" data-elementor-post-type=\"page\">\n\t\t\t\t<div class=\"elementor-element elementor-element-bb958b3 e-con-full e-flex e-con e-parent\" data-id=\"bb958b3\" data-element_type=\"container\">\n\t\t<div class=\"elementor-element elementor-element-34f66a4 e-con-full e-flex e-con e-child\" data-id=\"34f66a4\" data-element_type=\"container\">\n\t\t\t\t<div class=\"elementor-element elementor-element-6e7e2bc elementor-widget elementor-widget-synckpageshero\" data-id=\"6e7e2bc\" data-element_type=\"widget\" data-widget_type=\"synckpageshero.default\">\n\t\t\t\t<div class=\"elementor-widget-container\">\n\t\t\t\n<!-- About Hero -->\n<section class=\"hero-service-wrap hero-section-wrap hero-portfolio-wrap\">\n<div class=\"hero-section-content-wrap\">\n<div class=\"custom-container\">\n    <div class=\"hero-portfolio-body\">\n\n        <div class=\"hero-section-content text-center\">\n            <h6 class=\"section-subtitle\">Book an appointment<\/h6><h2 class=\"section-title fade- in\">Book an appointment<\/h2>            <p>We are happy to address your individual needs\/questions.<\/p>\n        <\/div>\n\n    \t\t<\/div>\n\t\t\t\t<\/div>\n\t\t\t\t<div class=\"elementor-element elementor-element-4e2e9c0 elementor-widget elementor-widget-html\" data-id=\"4e2e9c0\" data-element_type=\"widget\" data-widget_type=\"html.default\">\n\t\t\t\t<div class=\"elementor-widget-container\">\n\t\t\t<!-- Calendly Inline-Widget Beginn -->\n<div class=\"calendly-inline-widget\" data-url=\"https:\/\/calendly.com\/ibindo\/30min?hide_gdpr_banner=1\" style=\"min-width:320px;height:700px;\"><\/div>\n<script type=\"text\/javascript\" src=\"https:\/\/assets.calendly.com\/assets\/external\/widget.js\" async><\/script>\n<!-- Calendly Inline-Widget Ende -->\t\t<\/div>\n\t\t\t\t<\/div>\n\t\t\t\t<\/div>\n\t\t\t\t<\/div>\n\t\t<div class=\"elementor-element elementor-element-3a5c785 e-con-full e-flex e-con e-parent\" data-id=\"3a5c785\" data-element_type=\"container\">\n\t\t\t\t<div class=\"elementor-element elementor-element-8b46714 elementor-widget elementor-widget-synckpagescontactmapstyle2\" data-id=\"8b46714\" data-element_type=\"widget\" data-widget_type=\"synckpagescontactmapstyle2.default\">\n\t\t\t\t<div class=\"elementor-widget-container\">\n\t\t\t\n\n<!-- Contact -->\n<section class=\"contact-area2\">\n<div class=\"custom-container\">\n<div class=\"contact-inner\">\n<div class=\"contact-map-wrap\">\n    <h5>proudly from Austria<\/h5>\n\n    <div id=\"map\">\n      <div class=\"map-location-item\" style=\"left: auto;     top: auto;     bottom: 76%;     right: 51.5%;\">\n            <div class=\"map-location-item-inner\">\n                <img decoding=\"async\" src=\"https:\/\/www.ibindo.at\/wp-content\/uploads\/2024\/09\/oesterreich.png\" \/>\n                <div class=\"content\">\n                    <h4>R\u00fcstorf, AUT<\/h4>\n                    <p>M\u00fchlwang 106\/8, 4690 R\u00fcstorf Austria<\/p>\n                <\/div>\n            <\/div>\n            <span class=\"circle\"><\/span>\n        <\/div>\n                <img decoding=\"async\" src=\"https:\/\/www.ibindo.at\/wp-content\/uploads\/2023\/12\/map.svg\"\/>\n    <\/div>\n<\/div>\n<div class=\"contact-inner-info-box d-flex align-items-center\">\n\n    <div class=\"contact-info-box simple-shadow\">\n        <div class=\"icon\"><i class=\"las  la-envelope\"><\/i><\/div>\n        <h5>e-mail<\/h5>\n        <p>Write us your request<\/p>\n        <h7><a         href=\"mailto:servus@ibindo.at\">servus@ibindo.at<\/a><\/h7>\n    <\/div>\n        <div class=\"contact-info-box simple-shadow\">\n        <div class=\"icon\"><i class=\"las la-phone\"><\/i><\/div>\n        <h5>phone<\/h5>\n        <p>Mon - Fri from 12:00 to 18:00 .<\/p>\n        <h7><a         href=\"tel: 1-938-740-7555\">+43 664 1027450<\/a><\/h7>\n    <\/div>\n    \n<\/div>\n<\/div>\n<\/div>\n<\/section>\n\n    \t\t<\/div>\n\t\t\t\t<\/div>\n\t\t\t\t<\/div>\n\t\t\t\t<\/div>","protected":false},"excerpt":{"rendered":"<p>Book an appointment Book an appointment We are happy to respond to your individual needs \/ questions. proudly from Austria R\u00fcstorf, AUT M\u00fchlwang 106\/8, 4690 R\u00fcstorf Austria E-Mail Write to us with your request servus@ibindo.at Telephone Mon \u2013 Fri from 12:00 to 18:00 . +43 664 1027450<\/p>","protected":false},"author":8,"featured_media":0,"parent":0,"menu_order":0,"comment_status":"closed","ping_status":"closed","template":"page-templates\/contact.php","meta":{"inline_featured_image":false,"footnotes":""},"class_list":["post-3182","page","type-page","status-publish","hentry"],"yoast_head":"<!-- This site is optimized with the Yoast SEO Premium plugin v23.4 (Yoast SEO v27.6) - https:\/\/yoast.com\/product\/yoast-seo-premium-wordpress\/ -->\n<title>Termin buchen - ibindo<\/title>\n<meta name=\"robots\" content=\"index, follow, max-snippet:-1, max-image-preview:large, max-video-preview:-1\" \/>\n<link rel=\"canonical\" href=\"https:\/\/www.ibindo.at\/en\/book-appointment\/\" \/>\n<meta property=\"og:locale\" content=\"en_GB\" \/>\n<meta property=\"og:type\" content=\"article\" \/>\n<meta property=\"og:title\" content=\"Termin buchen\" \/>\n<meta property=\"og:description\" content=\"Termin buchen Buchen Sie einen Termin Wir gehen gerne auf Ihre individuellen Bed\u00fcrfnisse \/ Fragen ein. stolz aus \u00d6sterreich R\u00fcstorf, AUT M\u00fchlwang 106\/8, 4690 R\u00fcstorf \u00d6sterreich E-Mail Schreiben Sie uns Ihr Anliegen servus@ibindo.at Telefon Mon &#8211; Fr von 12:00 bis 18:00 . +43 664 1027450\" \/>\n<meta property=\"og:url\" content=\"https:\/\/www.ibindo.at\/en\/book-appointment\/\" \/>\n<meta property=\"og:site_name\" content=\"ibindo\" \/>\n<meta property=\"article:publisher\" content=\"https:\/\/www.facebook.com\/ibindo.digital\" \/>\n<meta property=\"article:modified_time\" content=\"2024-09-08T12:06:53+00:00\" \/>\n<meta property=\"og:image\" content=\"https:\/\/www.ibindo.at\/wp-content\/uploads\/2024\/09\/oesterreich.png\" \/>\n<meta name=\"twitter:card\" content=\"summary_large_image\" \/>\n<meta name=\"twitter:label1\" content=\"Estimated reading time\" \/>\n\t<meta name=\"twitter:data1\" content=\"1 minute\" \/>\n<script type=\"application\/ld+json\" class=\"yoast-schema-graph\">{\"@context\":\"https:\\\/\\\/schema.org\",\"@graph\":[{\"@type\":\"WebPage\",\"@id\":\"https:\\\/\\\/www.ibindo.at\\\/termin-buchen\\\/\",\"url\":\"https:\\\/\\\/www.ibindo.at\\\/termin-buchen\\\/\",\"name\":\"Termin buchen - ibindo\",\"isPartOf\":{\"@id\":\"https:\\\/\\\/www.ibindo.at\\\/#website\"},\"primaryImageOfPage\":{\"@id\":\"https:\\\/\\\/www.ibindo.at\\\/termin-buchen\\\/#primaryimage\"},\"image\":{\"@id\":\"https:\\\/\\\/www.ibindo.at\\\/termin-buchen\\\/#primaryimage\"},\"thumbnailUrl\":\"https:\\\/\\\/www.ibindo.at\\\/wp-content\\\/uploads\\\/2024\\\/09\\\/oesterreich.png\",\"datePublished\":\"2024-01-13T11:50:49+00:00\",\"dateModified\":\"2024-09-08T12:06:53+00:00\",\"breadcrumb\":{\"@id\":\"https:\\\/\\\/www.ibindo.at\\\/termin-buchen\\\/#breadcrumb\"},\"inLanguage\":\"en-GB\",\"potentialAction\":[{\"@type\":\"ReadAction\",\"target\":[\"https:\\\/\\\/www.ibindo.at\\\/termin-buchen\\\/\"]}]},{\"@type\":\"ImageObject\",\"inLanguage\":\"en-GB\",\"@id\":\"https:\\\/\\\/www.ibindo.at\\\/termin-buchen\\\/#primaryimage\",\"url\":\"https:\\\/\\\/www.ibindo.at\\\/wp-content\\\/uploads\\\/2024\\\/09\\\/oesterreich.png\",\"contentUrl\":\"https:\\\/\\\/www.ibindo.at\\\/wp-content\\\/uploads\\\/2024\\\/09\\\/oesterreich.png\"},{\"@type\":\"BreadcrumbList\",\"@id\":\"https:\\\/\\\/www.ibindo.at\\\/termin-buchen\\\/#breadcrumb\",\"itemListElement\":[{\"@type\":\"ListItem\",\"position\":1,\"name\":\"Startseite\",\"item\":\"https:\\\/\\\/www.ibindo.at\\\/\"},{\"@type\":\"ListItem\",\"position\":2,\"name\":\"Termin buchen\"}]},{\"@type\":\"WebSite\",\"@id\":\"https:\\\/\\\/www.ibindo.at\\\/#website\",\"url\":\"https:\\\/\\\/www.ibindo.at\\\/\",\"name\":\"ibindo\",\"description\":\"Das digitale G\u00e4steblatt\",\"publisher\":{\"@id\":\"https:\\\/\\\/www.ibindo.at\\\/#organization\"},\"potentialAction\":[{\"@type\":\"SearchAction\",\"target\":{\"@type\":\"EntryPoint\",\"urlTemplate\":\"https:\\\/\\\/www.ibindo.at\\\/?s={search_term_string}\"},\"query-input\":{\"@type\":\"PropertyValueSpecification\",\"valueRequired\":true,\"valueName\":\"search_term_string\"}}],\"inLanguage\":\"en-GB\"},{\"@type\":\"Organization\",\"@id\":\"https:\\\/\\\/www.ibindo.at\\\/#organization\",\"name\":\"ibindo GmbH\",\"url\":\"https:\\\/\\\/www.ibindo.at\\\/\",\"logo\":{\"@type\":\"ImageObject\",\"inLanguage\":\"en-GB\",\"@id\":\"https:\\\/\\\/www.ibindo.at\\\/#\\\/schema\\\/logo\\\/image\\\/\",\"url\":\"https:\\\/\\\/www.ibindo.at\\\/wp-content\\\/uploads\\\/2021\\\/11\\\/Logo2-cut-cut.png\",\"contentUrl\":\"https:\\\/\\\/www.ibindo.at\\\/wp-content\\\/uploads\\\/2021\\\/11\\\/Logo2-cut-cut.png\",\"width\":800,\"height\":220,\"caption\":\"ibindo GmbH\"},\"image\":{\"@id\":\"https:\\\/\\\/www.ibindo.at\\\/#\\\/schema\\\/logo\\\/image\\\/\"},\"sameAs\":[\"https:\\\/\\\/www.facebook.com\\\/ibindo.digital\",\"https:\\\/\\\/www.instagram.com\\\/ibindo.austria\\\/\"]}]}<\/script>\n<!-- \/ Yoast SEO Premium plugin. -->","yoast_head_json":{"title":"Termin buchen - ibindo","robots":{"index":"index","follow":"follow","max-snippet":"max-snippet:-1","max-image-preview":"max-image-preview:large","max-video-preview":"max-video-preview:-1"},"canonical":"https:\/\/www.ibindo.at\/en\/book-appointment\/","og_locale":"en_GB","og_type":"article","og_title":"Termin buchen","og_description":"Termin buchen Buchen Sie einen Termin Wir gehen gerne auf Ihre individuellen Bed\u00fcrfnisse \/ Fragen ein. stolz aus \u00d6sterreich R\u00fcstorf, AUT M\u00fchlwang 106\/8, 4690 R\u00fcstorf \u00d6sterreich E-Mail Schreiben Sie uns Ihr Anliegen servus@ibindo.at Telefon Mon &#8211; Fr von 12:00 bis 18:00 . +43 664 1027450","og_url":"https:\/\/www.ibindo.at\/en\/book-appointment\/","og_site_name":"ibindo","article_publisher":"https:\/\/www.facebook.com\/ibindo.digital","article_modified_time":"2024-09-08T12:06:53+00:00","og_image":[{"url":"https:\/\/www.ibindo.at\/wp-content\/uploads\/2024\/09\/oesterreich.png","type":"","width":"","height":""}],"twitter_card":"summary_large_image","twitter_misc":{"Estimated reading time":"1 minute"},"schema":{"@context":"https:\/\/schema.org","@graph":[{"@type":"WebPage","@id":"https:\/\/www.ibindo.at\/termin-buchen\/","url":"https:\/\/www.ibindo.at\/termin-buchen\/","name":"Termin buchen - ibindo","isPartOf":{"@id":"https:\/\/www.ibindo.at\/#website"},"primaryImageOfPage":{"@id":"https:\/\/www.ibindo.at\/termin-buchen\/#primaryimage"},"image":{"@id":"https:\/\/www.ibindo.at\/termin-buchen\/#primaryimage"},"thumbnailUrl":"https:\/\/www.ibindo.at\/wp-content\/uploads\/2024\/09\/oesterreich.png","datePublished":"2024-01-13T11:50:49+00:00","dateModified":"2024-09-08T12:06:53+00:00","breadcrumb":{"@id":"https:\/\/www.ibindo.at\/termin-buchen\/#breadcrumb"},"inLanguage":"en-GB","potentialAction":[{"@type":"ReadAction","target":["https:\/\/www.ibindo.at\/termin-buchen\/"]}]},{"@type":"ImageObject","inLanguage":"en-GB","@id":"https:\/\/www.ibindo.at\/termin-buchen\/#primaryimage","url":"https:\/\/www.ibindo.at\/wp-content\/uploads\/2024\/09\/oesterreich.png","contentUrl":"https:\/\/www.ibindo.at\/wp-content\/uploads\/2024\/09\/oesterreich.png"},{"@type":"BreadcrumbList","@id":"https:\/\/www.ibindo.at\/termin-buchen\/#breadcrumb","itemListElement":[{"@type":"ListItem","position":1,"name":"Startseite","item":"https:\/\/www.ibindo.at\/"},{"@type":"ListItem","position":2,"name":"Termin buchen"}]},{"@type":"WebSite","@id":"https:\/\/www.ibindo.at\/#website","url":"https:\/\/www.ibindo.at\/","name":"ibindo","description":"Das digitale G\u00e4steblatt","publisher":{"@id":"https:\/\/www.ibindo.at\/#organization"},"potentialAction":[{"@type":"SearchAction","target":{"@type":"EntryPoint","urlTemplate":"https:\/\/www.ibindo.at\/?s={search_term_string}"},"query-input":{"@type":"PropertyValueSpecification","valueRequired":true,"valueName":"search_term_string"}}],"inLanguage":"en-GB"},{"@type":"Organization","@id":"https:\/\/www.ibindo.at\/#organization","name":"ibindo GmbH","url":"https:\/\/www.ibindo.at\/","logo":{"@type":"ImageObject","inLanguage":"en-GB","@id":"https:\/\/www.ibindo.at\/#\/schema\/logo\/image\/","url":"https:\/\/www.ibindo.at\/wp-content\/uploads\/2021\/11\/Logo2-cut-cut.png","contentUrl":"https:\/\/www.ibindo.at\/wp-content\/uploads\/2021\/11\/Logo2-cut-cut.png","width":800,"height":220,"caption":"ibindo GmbH"},"image":{"@id":"https:\/\/www.ibindo.at\/#\/schema\/logo\/image\/"},"sameAs":["https:\/\/www.facebook.com\/ibindo.digital","https:\/\/www.instagram.com\/ibindo.austria\/"]}]}},"_links":{"self":[{"href":"https:\/\/www.ibindo.at\/en\/wp-json\/wp\/v2\/pages\/3182","targetHints":{"allow":["GET"]}}],"collection":[{"href":"https:\/\/www.ibindo.at\/en\/wp-json\/wp\/v2\/pages"}],"about":[{"href":"https:\/\/www.ibindo.at\/en\/wp-json\/wp\/v2\/types\/page"}],"author":[{"embeddable":true,"href":"https:\/\/www.ibindo.at\/en\/wp-json\/wp\/v2\/users\/8"}],"replies":[{"embeddable":true,"href":"https:\/\/www.ibindo.at\/en\/wp-json\/wp\/v2\/comments?post=3182"}],"version-history":[{"count":8,"href":"https:\/\/www.ibindo.at\/en\/wp-json\/wp\/v2\/pages\/3182\/revisions"}],"predecessor-version":[{"id":5897,"href":"https:\/\/www.ibindo.at\/en\/wp-json\/wp\/v2\/pages\/3182\/revisions\/5897"}],"wp:attachment":[{"href":"https:\/\/www.ibindo.at\/en\/wp-json\/wp\/v2\/media?parent=3182"}],"curies":[{"name":"wp","href":"https:\/\/api.w.org\/{rel}","templated":true}]}}