{"id":2324,"date":"2024-01-10T05:54:59","date_gmt":"2024-01-10T05:54:59","guid":{"rendered":"https:\/\/wpriverthemes.com\/synck\/?page_id=2324"},"modified":"2024-09-10T13:09:11","modified_gmt":"2024-09-10T11:09:11","slug":"preise","status":"publish","type":"page","link":"https:\/\/www.ibindo.at\/en\/prices\/","title":{"rendered":"Prices"},"content":{"rendered":"<div data-elementor-type=\"wp-page\" data-elementor-id=\"2324\" class=\"elementor elementor-2324\" data-elementor-post-type=\"page\">\n\t\t\t\t<div class=\"elementor-element elementor-element-1b9225e e-con-full e-flex e-con e-parent\" data-id=\"1b9225e\" data-element_type=\"container\">\n\t\t\t\t<div class=\"elementor-element elementor-element-4498763 elementor-widget elementor-widget-synckpagesherodark\" data-id=\"4498763\" data-element_type=\"widget\" data-widget_type=\"synckpagesherodark.default\">\n\t\t\t\t<div class=\"elementor-widget-container\">\n\t\t\t\n<!-- Pricing Hero -->\n<section class=\"hero-service-wrap hero-section-wrap hero-career-wrap\">\n<div class=\"hero-section-content-wrap\">\n<img decoding=\"async\" src=\"https:\/\/www.ibindo.at\/wp-content\/uploads\/2023\/11\/bg-shape-1-1.svg\"  class=\"animation-slide-left bg-shape\" \/>\n<div class=\"custom-container\">\n    <div class=\"hero-portfolio-body\">\n        <div class=\"hero-section-content text-center\">\n            <h6 class=\"section-subtitle\">Prices<\/h6><h2 class=\"section-title fade-in\">We offer dynamic pricing\u00a0<\/h2>            <p>Our prices depend on your needs and the type of service.<\/p>\n\n                        <a             href=\"https:\/\/www.ibindo.at\/en\/book-appointment\/\" class=\"theme-btn\">Book a consultation<\/a>\n            \n        <\/div>\n    <\/div>\n<\/div>\n<\/div>\n<\/section>\n\n    \t\t<\/div>\n\t\t\t\t<\/div>\n\t\t\t\t<\/div>\n\t\t<div class=\"elementor-element elementor-element-f97f9bb e-con-full e-flex e-con e-parent\" data-id=\"f97f9bb\" data-element_type=\"container\">\n\t\t\t\t<div class=\"elementor-element elementor-element-e106600 elementor-widget elementor-widget-synckpagespricing\" data-id=\"e106600\" data-element_type=\"widget\" data-widget_type=\"synckpagespricing.default\">\n\t\t\t\t<div class=\"elementor-widget-container\">\n\t\t\t\n<!-- Pricing Table -->\n<section class=\"pricing-table-area\">\n<div class=\"custom-container\">\n\n<div class=\"section-header our-team-2-header d-flex align-items-center justify-content-between w-full\">\n    <img decoding=\"async\" class=\"animation-slide-right bg-shape\" src=\"https:\/\/www.ibindo.at\/wp-content\/uploads\/2024\/01\/bg-shape-10.svg\" >\n    <div class=\"left\">\n        <h6 class=\"section-subtitle\">Price list<\/h6><h2 class=\"section-title\">The digital guest sheet<\/h2>        <p>Prices depend on the number of guest sheets \/ bookings issued in your accommodation per month.<\/p>\n    <\/div>\n\n    <\/div>\n\n<div class=\"pricing-table-lists\">\n        <div class=\"pricing-table-box\">\n        <h2><sup>0,0 \u20ac <\/sup>\/ Guest sheet<\/h2>\n        <h6>With 0 - 3 guest sheets per month<\/h6>\n        <p>Billed monthly<\/p>\n\n        <ul><li><i class=\"las la-check\"><\/i>Overnight stay statistics<\/li><li><i class=\"las la-check\"><\/i>Local tax calculation<\/li><li><i class=\"las la-check\"><\/i>Export<\/li><li><i class=\"las la-check\"><\/i>Data backup<\/li><li><i class=\"las la-check\"><\/i>Support<\/li><\/ul>\n                    <a             href=\"https:\/\/app.ibindo.at\/accounts\/signup\/\" class=\"theme-btn\">With 1 click to the digital guest sheet<\/a>\n            <\/div>\n        <div class=\"pricing-table-box\">\n        <h2><sup>0,80 \u20ac <\/sup>\/ Guest sheet<\/h2>\n        <h6>For 4 - 100 guest sheets per month<\/h6>\n        <p>Billed monthly<\/p>\n\n        <ul><li><i class=\"las la-check\"><\/i>Overnight stay statistics<\/li><li><i class=\"las la-check\"><\/i>Local tax calculation<\/li><li><i class=\"las la-check\"><\/i>Export<\/li><li><i class=\"las la-check\"><\/i>Data backup<\/li><li><i class=\"las la-check\"><\/i>Support<\/li><\/ul>\n                    <a             href=\"https:\/\/app.ibindo.at\/accounts\/signup\/\" class=\"theme-btn\">With 1 click to the digital guest sheet<\/a>\n            <\/div>\n        <div class=\"pricing-table-box\">\n        <h2><sup>0,50 \u20ac <\/sup>\/ Guest sheet<\/h2>\n        <h6>At + 101 guest sheets per month<\/h6>\n        <p>Billed monthly<\/p>\n\n        <ul><li><i class=\"las la-check\"><\/i>Overnight stay statistics<\/li><li><i class=\"las la-check\"><\/i>Local tax calculation<\/li><li><i class=\"las la-check\"><\/i>Export<\/li><li><i class=\"las la-check\"><\/i>Data backup<\/li><li><i class=\"las la-check\"><\/i>Support<\/li><\/ul>\n                    <a             href=\"https:\/\/app.ibindo.at\/accounts\/signup\/\" class=\"theme-btn\">With 1 click to the digital guest sheet<\/a>\n            <\/div>\n    <\/div>\n\n<\/div>\n<\/section>\n\n\n<!-- <script>\n    AOS.init({\n        duration: 1500,\n        once: true,\n\n    });<\/script>  -->\n\n    \t\t<\/div>\n\t\t\t\t<\/div>\n\t\t\t\t<\/div>\n\t\t<div class=\"elementor-element elementor-element-5a6eda1 e-con-full e-flex e-con e-parent\" data-id=\"5a6eda1\" data-element_type=\"container\">\n\t\t\t\t<div class=\"elementor-element elementor-element-276ed9a elementor-widget__width-inherit elementor-widget elementor-widget-synckpagesservice\" data-id=\"276ed9a\" data-element_type=\"widget\" data-widget_type=\"synckpagesservice.default\">\n\t\t\t\t<div class=\"elementor-widget-container\">\n\t\t\t\n<!-- Service -->\n<section class=\"service4-area service-area\">\n<div class=\"custom-container\">\n<div class=\"service-section-header section-header d-flex align-items-end justify-content-between\">\n    <div class=\"left\">\n        <h6 class=\"section-subtitle\">our range<\/h6><h2 class=\"section-title\">Here you will find a cost overview<\/h2><p>\u00a0<\/p><p>Select a category to receive a personal offer<\/p>    <\/div>\n    <p><\/p>\n<\/div>\n\n<div class=\"services-list\">\n    \n            <div class=\"service-card simple-shadow\">\n                        <span class=\"service-badge\">95 \u20ac \/ hour<\/span>\n            \n            <img decoding=\"async\" src=\"https:\/\/www.ibindo.at\/wp-content\/uploads\/2023\/11\/service-icon-1-2.svg\"  class=\"service-icon\" \/>\n            <h4><a             href=\"mailto:sebastian.pichler@ibindo.at?subject=Angebot Entwicklung&#038;body=Hallo, ich brauche bitte ein Angebot f\u00fcr folgende Entwicklung:\">Development<\/a><\/h4>\n            <p>Web or app we implement your project<\/p>\n        <\/div>\n            <div class=\"service-card simple-shadow\">\n                        <span class=\"service-badge\">From 990 \u20ac<\/span>\n            \n            <img decoding=\"async\" src=\"https:\/\/www.ibindo.at\/wp-content\/uploads\/2023\/11\/service-icon-2-2.svg\"  class=\"service-icon\" \/>\n            <h4><a             href=\"mailto:sebastian.pichler@ibindo.at?subject=Angebot Webshop&#038;body=Hallo, ich brauche bitte ein Angebot f\u00fcr folgendes Webshop Projekt:\">Webshop<\/a><\/h4>\n            <p>Whether it&#039;s a ticket or a product, we&#039;ll help you sell it online.<\/p>\n        <\/div>\n            <div class=\"service-card simple-shadow\">\n                        <span class=\"service-badge\">From 490 \u20ac<\/span>\n            \n            <img decoding=\"async\" src=\"https:\/\/www.ibindo.at\/wp-content\/uploads\/2023\/11\/service-icon-3-2.svg\"  class=\"service-icon\" \/>\n            <h4><a             href=\"mailto:sebastian.pichler@ibindo.at?subject=Angebot Webseite&#038;body=Hallo, ich brauche bitte ein Angebot f\u00fcr folgende Webseite:\">Websites<\/a><\/h4>\n            <p>We build a website tailored specifically to your needs to market you optimally.<\/p>\n        <\/div>\n            <div class=\"service-card simple-shadow\">\n                        <span class=\"service-badge\">Included<\/span>\n            \n            <img decoding=\"async\" src=\"https:\/\/www.ibindo.at\/wp-content\/uploads\/2023\/11\/service-icon-4-2.svg\"  class=\"service-icon\" \/>\n            <h4><a             href=\"mailto:sebastian.pichler@ibindo.at?subject=Angebot SEO&#038;body=Hallo, ich brauche bitte ein Angebot f\u00fcr folgende SEO Optimierung:\">SEO<\/a><\/h4>\n            <p>We optimize your website for the common search engines.<\/p>\n        <\/div>\n            <div class=\"service-card simple-shadow\">\n                        <span class=\"service-badge\">Individually<\/span>\n            \n            <img decoding=\"async\" src=\"https:\/\/www.ibindo.at\/wp-content\/uploads\/2024\/01\/service-icon-6.svg\"  class=\"service-icon\" \/>\n            <h4><a             href=\"mailto:sebastian.pichler@ibindo.at?subject=Angebot Hardware&#038;body=Hallo, ich brauche bitte ein Angebot f\u00fcr folgende Hardware:\">Hardware<\/a><\/h4>\n            <p>We are happy to help you choose and purchase your hardware. We can find a suitable solution for every budget.<\/p>\n        <\/div>\n            <div class=\"service-card simple-shadow\">\n                        <span class=\"service-badge\">From 0 \u20ac<\/span>\n            \n            <img decoding=\"async\" src=\"https:\/\/www.ibindo.at\/wp-content\/uploads\/2023\/12\/hwd-icon-4.svg\"  class=\"service-icon\" \/>\n            <h4><a             href=\"mailto:sebastian.pichler@ibindo.at?subject=Angebot Cloud&#038;body=Hallo, ich brauche bitte ein Angebot f\u00fcr das folgende Cloud Projekt:\">Cloud Services<\/a><\/h4>\n            <p>Your data is available anytime, anywhere. We would be happy to build your very own personal cloud.<\/p>\n        <\/div>\n            <div class=\"service-card simple-shadow\">\n                        <span class=\"service-badge\">From 35 \u20ac \/ year<\/span>\n            \n            <img decoding=\"async\" src=\"https:\/\/www.ibindo.at\/wp-content\/uploads\/2024\/01\/service-icon-7.svg\"  class=\"service-icon\" \/>\n            <h4><a             href=\"mailto:sebastian.pichler@ibindo.at?subject=Angebot IT Sicherheit&#038;body=Hallo, ich brauche bitte ein Angebot um folgende Ger\u00e4te abzusichern:\">IT Security<\/a><\/h4>\n            <p>We secure your network and devices accordingly to reduce the risk of attacks.<\/p>\n        <\/div>\n            <div class=\"service-card simple-shadow\">\n                        <span class=\"service-badge\">From 10 \u20ac \/ month<\/span>\n            \n            <img decoding=\"async\" src=\"https:\/\/www.ibindo.at\/wp-content\/uploads\/2024\/01\/service-icon-8.svg\"  class=\"service-icon\" \/>\n            <h4><a             href=\"mailto:sebastian.pichler@ibindo.at?subject=Angebot \u00dcberwachung&#038;body=Hallo, ich brauche bitte ein Angebot um folgende Ger\u00e4te zu \u00fcberwachen:\">surveillance<\/a><\/h4>\n            <p>We monitor your network, your servers or your computers. <\/p>\n        <\/div>\n            <div class=\"service-card simple-shadow\">\n                        <span class=\"service-badge\">Usually included<\/span>\n            \n            <img decoding=\"async\" src=\"https:\/\/www.ibindo.at\/wp-content\/uploads\/2024\/01\/service-icon-9.svg\"  class=\"service-icon\" \/>\n            <h4><a             href=\"mailto:sebastian.pichler@ibindo.at?subject=Angebot E-Mail&#038;body=Hallo, ich brauche bitte ein Angebot f\u00fcr folgende E-Mail Adresse(n):\">Email Services<\/a><\/h4>\n            <p>We set up your email addresses or your email server. <\/p>\n        <\/div>\n            <div class=\"service-card simple-shadow\">\n                        <span class=\"service-badge\">From 75 \u20ac \/ hour<\/span>\n            \n            <img decoding=\"async\" src=\"https:\/\/www.ibindo.at\/wp-content\/uploads\/2023\/11\/service-icon-5-2.svg\"  class=\"service-icon\" \/>\n            <h4><a             href=\"mailto:sebastian.pichler@ibindo.at?subject=Angebot Problem&#038;body=Hallo, ich brauche bitte ein Angebot f\u00fcr folgendes Problem:\">IT-Support<\/a><\/h4>\n            <p>We won&#039;t leave you out in the cold. If problems arise, we&#039;re there for you.<\/p>\n        <\/div>\n    \n<\/div>\n<\/div>\n<\/section>\n\n    \t\t<\/div>\n\t\t\t\t<\/div>\n\t\t\t\t<\/div>\n\t\t\t\t<\/div>","protected":false},"excerpt":{"rendered":"<p>Prices We offer dynamic prices Our prices are based on your needs and the type of service. Book a consultation Price list The digital guest sheet The prices are based on the number of guest sheets issued \/ bookings in your accommodation per month. 0.0 \u20ac \/ guest sheet For 0 - 3 guest sheets per month Billed monthly Overnight statistics Local taxes [\u2026]<\/p>","protected":false},"author":8,"featured_media":0,"parent":0,"menu_order":0,"comment_status":"closed","ping_status":"closed","template":"page-templates\/pricing.php","meta":{"inline_featured_image":false,"footnotes":""},"class_list":["post-2324","page","type-page","status-publish","hentry"],"yoast_head":"<!-- This site is optimized with the Yoast SEO Premium plugin v23.4 (Yoast SEO v27.6) - https:\/\/yoast.com\/product\/yoast-seo-premium-wordpress\/ -->\n<title>Preise - ibindo<\/title>\n<meta name=\"robots\" content=\"index, follow, max-snippet:-1, max-image-preview:large, max-video-preview:-1\" \/>\n<link rel=\"canonical\" href=\"https:\/\/www.ibindo.at\/en\/prices\/\" \/>\n<meta property=\"og:locale\" content=\"en_GB\" \/>\n<meta property=\"og:type\" content=\"article\" \/>\n<meta property=\"og:title\" content=\"Preise\" \/>\n<meta property=\"og:description\" content=\"Preise Wir bieten dynamische Preise\u00a0 Unsere Preise richten sich nach Ihrem Bedarf und der Art der Dienstleistung. Beratungstermin buchen Preisliste Das digitale G\u00e4steblatt Die Preise richten sich nach der Anzahl von ausgestellten G\u00e4stebl\u00e4ttern \/ Buchungen in Ihrer Unterkunft pro Monat. 0,0 \u20ac \/ G\u00e4steblatt Bei 0 &#8211; 3 G\u00e4stebl\u00e4ttern pro Monat Monatlich verrechnet N\u00e4chtigungsstatistik Ortstaxen [&hellip;]\" \/>\n<meta property=\"og:url\" content=\"https:\/\/www.ibindo.at\/en\/prices\/\" \/>\n<meta property=\"og:site_name\" content=\"ibindo\" \/>\n<meta property=\"article:publisher\" content=\"https:\/\/www.facebook.com\/ibindo.digital\" \/>\n<meta property=\"article:modified_time\" content=\"2024-09-10T11:09:11+00:00\" \/>\n<meta property=\"og:image\" content=\"https:\/\/www.ibindo.at\/wp-content\/uploads\/2023\/11\/bg-shape-1-1.svg\" \/>\n<meta name=\"twitter:card\" content=\"summary_large_image\" \/>\n<meta name=\"twitter:label1\" content=\"Estimated reading time\" \/>\n\t<meta name=\"twitter:data1\" content=\"5 minutes\" \/>\n<script type=\"application\/ld+json\" class=\"yoast-schema-graph\">{\"@context\":\"https:\\\/\\\/schema.org\",\"@graph\":[{\"@type\":\"WebPage\",\"@id\":\"https:\\\/\\\/www.ibindo.at\\\/preise\\\/\",\"url\":\"https:\\\/\\\/www.ibindo.at\\\/preise\\\/\",\"name\":\"Preise - ibindo\",\"isPartOf\":{\"@id\":\"https:\\\/\\\/www.ibindo.at\\\/#website\"},\"primaryImageOfPage\":{\"@id\":\"https:\\\/\\\/www.ibindo.at\\\/preise\\\/#primaryimage\"},\"image\":{\"@id\":\"https:\\\/\\\/www.ibindo.at\\\/preise\\\/#primaryimage\"},\"thumbnailUrl\":\"https:\\\/\\\/www.ibindo.at\\\/wp-content\\\/uploads\\\/2023\\\/11\\\/bg-shape-1-1.svg\",\"datePublished\":\"2024-01-10T05:54:59+00:00\",\"dateModified\":\"2024-09-10T11:09:11+00:00\",\"breadcrumb\":{\"@id\":\"https:\\\/\\\/www.ibindo.at\\\/preise\\\/#breadcrumb\"},\"inLanguage\":\"en-GB\",\"potentialAction\":[{\"@type\":\"ReadAction\",\"target\":[\"https:\\\/\\\/www.ibindo.at\\\/preise\\\/\"]}]},{\"@type\":\"ImageObject\",\"inLanguage\":\"en-GB\",\"@id\":\"https:\\\/\\\/www.ibindo.at\\\/preise\\\/#primaryimage\",\"url\":\"https:\\\/\\\/www.ibindo.at\\\/wp-content\\\/uploads\\\/2023\\\/11\\\/bg-shape-1-1.svg\",\"contentUrl\":\"https:\\\/\\\/www.ibindo.at\\\/wp-content\\\/uploads\\\/2023\\\/11\\\/bg-shape-1-1.svg\"},{\"@type\":\"BreadcrumbList\",\"@id\":\"https:\\\/\\\/www.ibindo.at\\\/preise\\\/#breadcrumb\",\"itemListElement\":[{\"@type\":\"ListItem\",\"position\":1,\"name\":\"Startseite\",\"item\":\"https:\\\/\\\/www.ibindo.at\\\/\"},{\"@type\":\"ListItem\",\"position\":2,\"name\":\"Preise\"}]},{\"@type\":\"WebSite\",\"@id\":\"https:\\\/\\\/www.ibindo.at\\\/#website\",\"url\":\"https:\\\/\\\/www.ibindo.at\\\/\",\"name\":\"ibindo\",\"description\":\"Das digitale G\u00e4steblatt\",\"publisher\":{\"@id\":\"https:\\\/\\\/www.ibindo.at\\\/#organization\"},\"potentialAction\":[{\"@type\":\"SearchAction\",\"target\":{\"@type\":\"EntryPoint\",\"urlTemplate\":\"https:\\\/\\\/www.ibindo.at\\\/?s={search_term_string}\"},\"query-input\":{\"@type\":\"PropertyValueSpecification\",\"valueRequired\":true,\"valueName\":\"search_term_string\"}}],\"inLanguage\":\"en-GB\"},{\"@type\":\"Organization\",\"@id\":\"https:\\\/\\\/www.ibindo.at\\\/#organization\",\"name\":\"ibindo GmbH\",\"url\":\"https:\\\/\\\/www.ibindo.at\\\/\",\"logo\":{\"@type\":\"ImageObject\",\"inLanguage\":\"en-GB\",\"@id\":\"https:\\\/\\\/www.ibindo.at\\\/#\\\/schema\\\/logo\\\/image\\\/\",\"url\":\"https:\\\/\\\/www.ibindo.at\\\/wp-content\\\/uploads\\\/2021\\\/11\\\/Logo2-cut-cut.png\",\"contentUrl\":\"https:\\\/\\\/www.ibindo.at\\\/wp-content\\\/uploads\\\/2021\\\/11\\\/Logo2-cut-cut.png\",\"width\":800,\"height\":220,\"caption\":\"ibindo GmbH\"},\"image\":{\"@id\":\"https:\\\/\\\/www.ibindo.at\\\/#\\\/schema\\\/logo\\\/image\\\/\"},\"sameAs\":[\"https:\\\/\\\/www.facebook.com\\\/ibindo.digital\",\"https:\\\/\\\/www.instagram.com\\\/ibindo.austria\\\/\"]}]}<\/script>\n<!-- \/ Yoast SEO Premium plugin. -->","yoast_head_json":{"title":"Preise - ibindo","robots":{"index":"index","follow":"follow","max-snippet":"max-snippet:-1","max-image-preview":"max-image-preview:large","max-video-preview":"max-video-preview:-1"},"canonical":"https:\/\/www.ibindo.at\/en\/prices\/","og_locale":"en_GB","og_type":"article","og_title":"Preise","og_description":"Preise Wir bieten dynamische Preise\u00a0 Unsere Preise richten sich nach Ihrem Bedarf und der Art der Dienstleistung. Beratungstermin buchen Preisliste Das digitale G\u00e4steblatt Die Preise richten sich nach der Anzahl von ausgestellten G\u00e4stebl\u00e4ttern \/ Buchungen in Ihrer Unterkunft pro Monat. 0,0 \u20ac \/ G\u00e4steblatt Bei 0 &#8211; 3 G\u00e4stebl\u00e4ttern pro Monat Monatlich verrechnet N\u00e4chtigungsstatistik Ortstaxen [&hellip;]","og_url":"https:\/\/www.ibindo.at\/en\/prices\/","og_site_name":"ibindo","article_publisher":"https:\/\/www.facebook.com\/ibindo.digital","article_modified_time":"2024-09-10T11:09:11+00:00","og_image":[{"url":"https:\/\/www.ibindo.at\/wp-content\/uploads\/2023\/11\/bg-shape-1-1.svg","type":"","width":"","height":""}],"twitter_card":"summary_large_image","twitter_misc":{"Estimated reading time":"5 minutes"},"schema":{"@context":"https:\/\/schema.org","@graph":[{"@type":"WebPage","@id":"https:\/\/www.ibindo.at\/preise\/","url":"https:\/\/www.ibindo.at\/preise\/","name":"Preise - ibindo","isPartOf":{"@id":"https:\/\/www.ibindo.at\/#website"},"primaryImageOfPage":{"@id":"https:\/\/www.ibindo.at\/preise\/#primaryimage"},"image":{"@id":"https:\/\/www.ibindo.at\/preise\/#primaryimage"},"thumbnailUrl":"https:\/\/www.ibindo.at\/wp-content\/uploads\/2023\/11\/bg-shape-1-1.svg","datePublished":"2024-01-10T05:54:59+00:00","dateModified":"2024-09-10T11:09:11+00:00","breadcrumb":{"@id":"https:\/\/www.ibindo.at\/preise\/#breadcrumb"},"inLanguage":"en-GB","potentialAction":[{"@type":"ReadAction","target":["https:\/\/www.ibindo.at\/preise\/"]}]},{"@type":"ImageObject","inLanguage":"en-GB","@id":"https:\/\/www.ibindo.at\/preise\/#primaryimage","url":"https:\/\/www.ibindo.at\/wp-content\/uploads\/2023\/11\/bg-shape-1-1.svg","contentUrl":"https:\/\/www.ibindo.at\/wp-content\/uploads\/2023\/11\/bg-shape-1-1.svg"},{"@type":"BreadcrumbList","@id":"https:\/\/www.ibindo.at\/preise\/#breadcrumb","itemListElement":[{"@type":"ListItem","position":1,"name":"Startseite","item":"https:\/\/www.ibindo.at\/"},{"@type":"ListItem","position":2,"name":"Preise"}]},{"@type":"WebSite","@id":"https:\/\/www.ibindo.at\/#website","url":"https:\/\/www.ibindo.at\/","name":"ibindo","description":"Das digitale G\u00e4steblatt","publisher":{"@id":"https:\/\/www.ibindo.at\/#organization"},"potentialAction":[{"@type":"SearchAction","target":{"@type":"EntryPoint","urlTemplate":"https:\/\/www.ibindo.at\/?s={search_term_string}"},"query-input":{"@type":"PropertyValueSpecification","valueRequired":true,"valueName":"search_term_string"}}],"inLanguage":"en-GB"},{"@type":"Organization","@id":"https:\/\/www.ibindo.at\/#organization","name":"ibindo GmbH","url":"https:\/\/www.ibindo.at\/","logo":{"@type":"ImageObject","inLanguage":"en-GB","@id":"https:\/\/www.ibindo.at\/#\/schema\/logo\/image\/","url":"https:\/\/www.ibindo.at\/wp-content\/uploads\/2021\/11\/Logo2-cut-cut.png","contentUrl":"https:\/\/www.ibindo.at\/wp-content\/uploads\/2021\/11\/Logo2-cut-cut.png","width":800,"height":220,"caption":"ibindo GmbH"},"image":{"@id":"https:\/\/www.ibindo.at\/#\/schema\/logo\/image\/"},"sameAs":["https:\/\/www.facebook.com\/ibindo.digital","https:\/\/www.instagram.com\/ibindo.austria\/"]}]}},"_links":{"self":[{"href":"https:\/\/www.ibindo.at\/en\/wp-json\/wp\/v2\/pages\/2324","targetHints":{"allow":["GET"]}}],"collection":[{"href":"https:\/\/www.ibindo.at\/en\/wp-json\/wp\/v2\/pages"}],"about":[{"href":"https:\/\/www.ibindo.at\/en\/wp-json\/wp\/v2\/types\/page"}],"author":[{"embeddable":true,"href":"https:\/\/www.ibindo.at\/en\/wp-json\/wp\/v2\/users\/8"}],"replies":[{"embeddable":true,"href":"https:\/\/www.ibindo.at\/en\/wp-json\/wp\/v2\/comments?post=2324"}],"version-history":[{"count":38,"href":"https:\/\/www.ibindo.at\/en\/wp-json\/wp\/v2\/pages\/2324\/revisions"}],"predecessor-version":[{"id":6114,"href":"https:\/\/www.ibindo.at\/en\/wp-json\/wp\/v2\/pages\/2324\/revisions\/6114"}],"wp:attachment":[{"href":"https:\/\/www.ibindo.at\/en\/wp-json\/wp\/v2\/media?parent=2324"}],"curies":[{"name":"wp","href":"https:\/\/api.w.org\/{rel}","templated":true}]}}